{"id":267,"date":"2024-10-26T15:25:05","date_gmt":"2024-10-26T15:25:05","guid":{"rendered":"https:\/\/zetadoc.cl\/?page_id=267"},"modified":"2025-01-21T23:36:28","modified_gmt":"2025-01-21T23:36:28","slug":"director","status":"publish","type":"page","link":"https:\/\/zetadoc.cl\/?page_id=267","title":{"rendered":"DIRECTOR"},"content":{"rendered":"\t\t<div data-elementor-type=\"wp-page\" data-elementor-id=\"267\" class=\"elementor elementor-267\" data-elementor-post-type=\"page\">\n\t\t\t\t<div class=\"elementor-element elementor-element-b59a2f4 e-flex e-con-boxed e-con e-parent\" data-id=\"b59a2f4\" data-element_type=\"container\">\n\t\t\t\t\t<div class=\"e-con-inner\">\n\t\t<div class=\"elementor-element elementor-element-2d3fe7a e-con-full e-flex e-con e-child\" data-id=\"2d3fe7a\" data-element_type=\"container\">\n\t\t\t\t<div class=\"elementor-element elementor-element-cda5665 elementor-widget elementor-widget-heading\" data-id=\"cda5665\" data-element_type=\"widget\" data-widget_type=\"heading.default\">\n\t\t\t\t<div class=\"elementor-widget-container\">\n\t\t\t\t\t<h2 class=\"elementor-heading-title elementor-size-default\">DIRECTOR<\/h2>\t\t\t\t<\/div>\n\t\t\t\t<\/div>\n\t\t\t\t<\/div>\n\t\t\t\t\t<\/div>\n\t\t\t\t<\/div>\n\t\t\t\t<section class=\"elementor-section elementor-top-section elementor-element elementor-element-7bc60f81 elementor-section-boxed elementor-section-height-default elementor-section-height-default\" data-id=\"7bc60f81\" data-element_type=\"section\">\n\t\t\t\t\t\t<div class=\"elementor-container elementor-column-gap-default\">\n\t\t\t\t\t<div class=\"elementor-column elementor-col-50 elementor-top-column elementor-element elementor-element-374b1d3d elementor-invisible\" data-id=\"374b1d3d\" data-element_type=\"column\" data-settings=\"{&quot;animation&quot;:&quot;slideInUp&quot;}\">\n\t\t\t<div class=\"elementor-widget-wrap elementor-element-populated\">\n\t\t\t\t\t\t<div class=\"elementor-element elementor-element-3cce40f elementor-widget elementor-widget-image\" data-id=\"3cce40f\" data-element_type=\"widget\" data-widget_type=\"image.default\">\n\t\t\t\t<div class=\"elementor-widget-container\">\n\t\t\t\t\t\t\t\t\t\t\t\t\t\t\t<img fetchpriority=\"high\" decoding=\"async\" width=\"800\" height=\"440\" src=\"https:\/\/zetadoc.cl\/wp-content\/uploads\/2025\/01\/Revisando-en-Suecia_03-1024x563.jpg\" class=\"attachment-large size-large wp-image-888\" alt=\"\" srcset=\"https:\/\/zetadoc.cl\/wp-content\/uploads\/2025\/01\/Revisando-en-Suecia_03-1024x563.jpg 1024w, https:\/\/zetadoc.cl\/wp-content\/uploads\/2025\/01\/Revisando-en-Suecia_03-300x165.jpg 300w, https:\/\/zetadoc.cl\/wp-content\/uploads\/2025\/01\/Revisando-en-Suecia_03-768x422.jpg 768w, https:\/\/zetadoc.cl\/wp-content\/uploads\/2025\/01\/Revisando-en-Suecia_03.jpg 1377w\" sizes=\"(max-width: 800px) 100vw, 800px\" \/>\t\t\t\t\t\t\t\t\t\t\t\t\t\t\t<\/div>\n\t\t\t\t<\/div>\n\t\t\t\t\t<\/div>\n\t\t<\/div>\n\t\t\t\t<div class=\"elementor-column elementor-col-50 elementor-top-column elementor-element elementor-element-fd93325 elementor-invisible\" data-id=\"fd93325\" data-element_type=\"column\" data-settings=\"{&quot;animation&quot;:&quot;fadeInRight&quot;}\">\n\t\t\t<div class=\"elementor-widget-wrap elementor-element-populated\">\n\t\t\t\t\t\t<div class=\"elementor-element elementor-element-52d35645 elementor-invisible elementor-widget elementor-widget-elementskit-heading\" data-id=\"52d35645\" data-element_type=\"widget\" data-settings=\"{&quot;_animation&quot;:&quot;fadeInUp&quot;}\" data-widget_type=\"elementskit-heading.default\">\n\t\t\t\t<div class=\"elementor-widget-container\">\n\t\t\t\t\t<div class=\"ekit-wid-con\" ><div class=\"ekit-heading elementskit-section-title-wraper text_left   ekit_heading_tablet-   ekit_heading_mobile-\"><h2 class=\"ekit-heading--title elementskit-section-title  ekit-heading__title-has-border start\">J. Crist\u00f3bal Guzm\u00e1n Zenteno<\/h2><\/div><\/div>\t\t\t\t<\/div>\n\t\t\t\t<\/div>\n\t\t\t\t<div class=\"elementor-element elementor-element-5ed159a elementor-invisible elementor-widget elementor-widget-heading\" data-id=\"5ed159a\" data-element_type=\"widget\" data-settings=\"{&quot;_animation&quot;:&quot;fadeInUp&quot;}\" data-widget_type=\"heading.default\">\n\t\t\t\t<div class=\"elementor-widget-container\">\n\t\t\t\t\t<h2 class=\"elementor-heading-title elementor-size-default\">PERIODISTA<\/h2>\t\t\t\t<\/div>\n\t\t\t\t<\/div>\n\t\t\t\t<div class=\"elementor-element elementor-element-5548c09 elementor-widget-tablet__width-initial elementor-widget__width-initial elementor-invisible elementor-widget elementor-widget-text-editor\" data-id=\"5548c09\" data-element_type=\"widget\" data-settings=\"{&quot;_animation&quot;:&quot;fadeInUp&quot;}\" data-widget_type=\"text-editor.default\">\n\t\t\t\t<div class=\"elementor-widget-container\">\n\t\t\t\t\t\t\t\t\t<p class=\"p1\">Juan Crist\u00f3bal Guzm\u00e1n Zenteno es periodista de la Universidad Cat\u00f3lica de Chile y M\u00e1ster en documental creativo de la Universidad Aut\u00f3noma de Barcelona.<\/p><p class=\"p1\">Ha trabajado m\u00e1s de 2 d\u00e9cadas en diferentes medios de comunicaci\u00f3n y productoras independientes como realizador, productor, editor y guionista. Fue el primer productor delegado de cultura de Canal 13 Cable, medio en el que se desempe\u00f1\u00f3 hasta 2008.<\/p><p class=\"p1\">Se ha especializado en temas culturales y en periodismo de divulgaci\u00f3n cient\u00edfica. Entre sus reconocimientos destacan una nominaci\u00f3n al premio APES, una menci\u00f3n honrosa en el Premio Pfizer Cluster Andino 2023 y la obtenci\u00f3n de variados fondos estatales como CNTV, Corfo y Fondart.\u00a0Tambi\u00e9n ha sido director y productor ejecutivo externo de diferentes programas de TV en Canal 13, Canal 13C y Televisi\u00f3n Nacional de Chile.<\/p><p class=\"p1\">Actualmente Juan Crist\u00f3bal\u00a0 lidera a un destacado equipo multidisciplinario de profesionales del mundo audiovisual, con quienes desarrolla variados proyectos como los programas \u00abPasaporte Ciencia\u00bb y \u201cEl Giornalista\u201d entre otros.<\/p>\t\t\t\t\t\t\t\t<\/div>\n\t\t\t\t<\/div>\n\t\t\t\t\t<\/div>\n\t\t<\/div>\n\t\t\t\t\t<\/div>\n\t\t<\/section>\n\t\t\t\t<\/div>\n\t\t","protected":false},"excerpt":{"rendered":"<p>DIRECTOR J. Crist\u00f3bal Guzm\u00e1n Zenteno PERIODISTA Juan Crist\u00f3bal Guzm\u00e1n Zenteno es periodista de la Universidad Cat\u00f3lica de Chile y M\u00e1ster en documental creativo de la Universidad Aut\u00f3noma de Barcelona. Ha trabajado m\u00e1s de 2 d\u00e9cadas en diferentes medios de comunicaci\u00f3n y productoras independientes como realizador, productor, editor y guionista. Fue el primer productor delegado de [&hellip;]<\/p>\n","protected":false},"author":1,"featured_media":0,"parent":0,"menu_order":0,"comment_status":"closed","ping_status":"closed","template":"","meta":{"footnotes":""},"class_list":["post-267","page","type-page","status-publish","hentry"],"_links":{"self":[{"href":"https:\/\/zetadoc.cl\/index.php?rest_route=\/wp\/v2\/pages\/267"}],"collection":[{"href":"https:\/\/zetadoc.cl\/index.php?rest_route=\/wp\/v2\/pages"}],"about":[{"href":"https:\/\/zetadoc.cl\/index.php?rest_route=\/wp\/v2\/types\/page"}],"author":[{"embeddable":true,"href":"https:\/\/zetadoc.cl\/index.php?rest_route=\/wp\/v2\/users\/1"}],"replies":[{"embeddable":true,"href":"https:\/\/zetadoc.cl\/index.php?rest_route=%2Fwp%2Fv2%2Fcomments&post=267"}],"version-history":[{"count":73,"href":"https:\/\/zetadoc.cl\/index.php?rest_route=\/wp\/v2\/pages\/267\/revisions"}],"predecessor-version":[{"id":1326,"href":"https:\/\/zetadoc.cl\/index.php?rest_route=\/wp\/v2\/pages\/267\/revisions\/1326"}],"wp:attachment":[{"href":"https:\/\/zetadoc.cl\/index.php?rest_route=%2Fwp%2Fv2%2Fmedia&parent=267"}],"curies":[{"name":"wp","href":"https:\/\/api.w.org\/{rel}","templated":true}]}}