{"id":461,"date":"2024-10-28T00:44:23","date_gmt":"2024-10-28T00:44:23","guid":{"rendered":"https:\/\/zetadoc.cl\/?page_id=461"},"modified":"2025-01-21T23:37:53","modified_gmt":"2025-01-21T23:37:53","slug":"equipo-2","status":"publish","type":"page","link":"https:\/\/zetadoc.cl\/?page_id=461","title":{"rendered":"EQUIPO"},"content":{"rendered":"\t\t<div data-elementor-type=\"wp-page\" data-elementor-id=\"461\" class=\"elementor elementor-461\" data-elementor-post-type=\"page\">\n\t\t\t\t<div class=\"elementor-element elementor-element-6331ae6 e-flex e-con-boxed e-con e-parent\" data-id=\"6331ae6\" data-element_type=\"container\">\n\t\t\t\t\t<div class=\"e-con-inner\">\n\t\t\t\t<div class=\"elementor-element elementor-element-02df67b elementor-widget elementor-widget-heading\" data-id=\"02df67b\" data-element_type=\"widget\" data-widget_type=\"heading.default\">\n\t\t\t\t<div class=\"elementor-widget-container\">\n\t\t\t\t\t<h2 class=\"elementor-heading-title elementor-size-default\">EQUIPO<\/h2>\t\t\t\t<\/div>\n\t\t\t\t<\/div>\n\t\t\t\t\t<\/div>\n\t\t\t\t<\/div>\n\t\t\t\t<section class=\"elementor-section elementor-top-section elementor-element elementor-element-287b0e91 elementor-section-boxed elementor-section-height-default elementor-section-height-default\" data-id=\"287b0e91\" data-element_type=\"section\">\n\t\t\t\t\t\t<div class=\"elementor-container elementor-column-gap-default\">\n\t\t\t\t\t<div class=\"elementor-column elementor-col-100 elementor-top-column elementor-element elementor-element-383cfcd4\" data-id=\"383cfcd4\" data-element_type=\"column\">\n\t\t\t<div class=\"elementor-widget-wrap elementor-element-populated\">\n\t\t\t\t\t\t<section class=\"elementor-section elementor-inner-section elementor-element elementor-element-600bc24c elementor-section-boxed elementor-section-height-default elementor-section-height-default\" data-id=\"600bc24c\" data-element_type=\"section\">\n\t\t\t\t\t\t<div class=\"elementor-container elementor-column-gap-default\">\n\t\t\t\t\t<div class=\"elementor-column elementor-col-33 elementor-inner-column elementor-element elementor-element-726f2b3 elementor-invisible\" data-id=\"726f2b3\" data-element_type=\"column\" data-settings=\"{&quot;animation&quot;:&quot;fadeInUp&quot;}\">\n\t\t\t<div class=\"elementor-widget-wrap elementor-element-populated\">\n\t\t\t\t\t\t<div class=\"elementor-element elementor-element-c01f673 elementor-widget elementor-widget-image\" data-id=\"c01f673\" data-element_type=\"widget\" data-widget_type=\"image.default\">\n\t\t\t\t<div class=\"elementor-widget-container\">\n\t\t\t\t\t\t\t\t\t\t\t\t\t\t\t<img fetchpriority=\"high\" decoding=\"async\" width=\"800\" height=\"450\" src=\"https:\/\/zetadoc.cl\/wp-content\/uploads\/2025\/01\/01-1024x576.jpg\" class=\"attachment-large size-large wp-image-817\" alt=\"\" srcset=\"https:\/\/zetadoc.cl\/wp-content\/uploads\/2025\/01\/01-1024x576.jpg 1024w, https:\/\/zetadoc.cl\/wp-content\/uploads\/2025\/01\/01-300x169.jpg 300w, https:\/\/zetadoc.cl\/wp-content\/uploads\/2025\/01\/01-768x432.jpg 768w, https:\/\/zetadoc.cl\/wp-content\/uploads\/2025\/01\/01-1536x864.jpg 1536w, https:\/\/zetadoc.cl\/wp-content\/uploads\/2025\/01\/01-2048x1152.jpg 2048w\" sizes=\"(max-width: 800px) 100vw, 800px\" \/>\t\t\t\t\t\t\t\t\t\t\t\t\t\t\t<\/div>\n\t\t\t\t<\/div>\n\t\t\t\t<div class=\"elementor-element elementor-element-40a8c45c elementor-widget elementor-widget-heading\" data-id=\"40a8c45c\" data-element_type=\"widget\" data-widget_type=\"heading.default\">\n\t\t\t\t<div class=\"elementor-widget-container\">\n\t\t\t\t\t<h2 class=\"elementor-heading-title elementor-size-default\">J. Crist\u00f3bal Guzm\u00e1n Z.<\/h2>\t\t\t\t<\/div>\n\t\t\t\t<\/div>\n\t\t\t\t<div class=\"elementor-element elementor-element-3f640dc4 elementor-widget elementor-widget-heading\" data-id=\"3f640dc4\" data-element_type=\"widget\" data-widget_type=\"heading.default\">\n\t\t\t\t<div class=\"elementor-widget-container\">\n\t\t\t\t\t<h2 class=\"elementor-heading-title elementor-size-default\">Director y Productor general<\/h2>\t\t\t\t<\/div>\n\t\t\t\t<\/div>\n\t\t\t\t\t<\/div>\n\t\t<\/div>\n\t\t\t\t<div class=\"elementor-column elementor-col-33 elementor-inner-column elementor-element elementor-element-794f5ae5 elementor-invisible\" data-id=\"794f5ae5\" data-element_type=\"column\" data-settings=\"{&quot;animation&quot;:&quot;fadeInUp&quot;}\">\n\t\t\t<div class=\"elementor-widget-wrap elementor-element-populated\">\n\t\t\t\t\t\t<div class=\"elementor-element elementor-element-c8f399d elementor-widget elementor-widget-image\" data-id=\"c8f399d\" data-element_type=\"widget\" data-widget_type=\"image.default\">\n\t\t\t\t<div class=\"elementor-widget-container\">\n\t\t\t\t\t\t\t\t\t\t\t\t\t\t\t<img decoding=\"async\" width=\"800\" height=\"450\" src=\"https:\/\/zetadoc.cl\/wp-content\/uploads\/2025\/01\/Copia-de-Fco-Cavieres-1024x576.jpg\" class=\"attachment-large size-large wp-image-1059\" alt=\"\" srcset=\"https:\/\/zetadoc.cl\/wp-content\/uploads\/2025\/01\/Copia-de-Fco-Cavieres-1024x576.jpg 1024w, https:\/\/zetadoc.cl\/wp-content\/uploads\/2025\/01\/Copia-de-Fco-Cavieres-300x169.jpg 300w, https:\/\/zetadoc.cl\/wp-content\/uploads\/2025\/01\/Copia-de-Fco-Cavieres-768x432.jpg 768w, https:\/\/zetadoc.cl\/wp-content\/uploads\/2025\/01\/Copia-de-Fco-Cavieres-1536x864.jpg 1536w, https:\/\/zetadoc.cl\/wp-content\/uploads\/2025\/01\/Copia-de-Fco-Cavieres.jpg 1695w\" sizes=\"(max-width: 800px) 100vw, 800px\" \/>\t\t\t\t\t\t\t\t\t\t\t\t\t\t\t<\/div>\n\t\t\t\t<\/div>\n\t\t\t\t<div class=\"elementor-element elementor-element-70283ce9 elementor-widget elementor-widget-heading\" data-id=\"70283ce9\" data-element_type=\"widget\" data-widget_type=\"heading.default\">\n\t\t\t\t<div class=\"elementor-widget-container\">\n\t\t\t\t\t<h2 class=\"elementor-heading-title elementor-size-default\">Francisco Cavieres Abarca<\/h2>\t\t\t\t<\/div>\n\t\t\t\t<\/div>\n\t\t\t\t<div class=\"elementor-element elementor-element-f030deb elementor-widget__width-inherit elementor-widget-tablet__width-initial elementor-widget elementor-widget-heading\" data-id=\"f030deb\" data-element_type=\"widget\" data-widget_type=\"heading.default\">\n\t\t\t\t<div class=\"elementor-widget-container\">\n\t\t\t\t\t<h2 class=\"elementor-heading-title elementor-size-default\">Realizador audiovisual\n\n<\/h2>\t\t\t\t<\/div>\n\t\t\t\t<\/div>\n\t\t\t\t\t<\/div>\n\t\t<\/div>\n\t\t\t\t<div class=\"elementor-column elementor-col-33 elementor-inner-column elementor-element elementor-element-2a1a1ef elementor-invisible\" data-id=\"2a1a1ef\" data-element_type=\"column\" data-settings=\"{&quot;animation&quot;:&quot;fadeInUp&quot;}\">\n\t\t\t<div class=\"elementor-widget-wrap elementor-element-populated\">\n\t\t\t\t\t\t<div class=\"elementor-element elementor-element-eba2d78 elementor-widget elementor-widget-image\" data-id=\"eba2d78\" data-element_type=\"widget\" data-widget_type=\"image.default\">\n\t\t\t\t<div class=\"elementor-widget-container\">\n\t\t\t\t\t\t\t\t\t\t\t\t\t\t\t<img decoding=\"async\" width=\"800\" height=\"450\" src=\"https:\/\/zetadoc.cl\/wp-content\/uploads\/2025\/01\/DAVID-GONZALEZ-1024x576.jpg\" class=\"attachment-large size-large wp-image-1173\" alt=\"\" srcset=\"https:\/\/zetadoc.cl\/wp-content\/uploads\/2025\/01\/DAVID-GONZALEZ-1024x576.jpg 1024w, https:\/\/zetadoc.cl\/wp-content\/uploads\/2025\/01\/DAVID-GONZALEZ-300x169.jpg 300w, https:\/\/zetadoc.cl\/wp-content\/uploads\/2025\/01\/DAVID-GONZALEZ-768x432.jpg 768w, https:\/\/zetadoc.cl\/wp-content\/uploads\/2025\/01\/DAVID-GONZALEZ-1536x864.jpg 1536w, https:\/\/zetadoc.cl\/wp-content\/uploads\/2025\/01\/DAVID-GONZALEZ.jpg 1695w\" sizes=\"(max-width: 800px) 100vw, 800px\" \/>\t\t\t\t\t\t\t\t\t\t\t\t\t\t\t<\/div>\n\t\t\t\t<\/div>\n\t\t\t\t<div class=\"elementor-element elementor-element-3c9e01f elementor-widget elementor-widget-heading\" data-id=\"3c9e01f\" data-element_type=\"widget\" data-widget_type=\"heading.default\">\n\t\t\t\t<div class=\"elementor-widget-container\">\n\t\t\t\t\t<h2 class=\"elementor-heading-title elementor-size-default\">David Gonz\u00e1lez Vigu\u00e9<\/h2>\t\t\t\t<\/div>\n\t\t\t\t<\/div>\n\t\t\t\t<div class=\"elementor-element elementor-element-998f8c9 elementor-widget__width-inherit elementor-widget-tablet__width-initial elementor-widget elementor-widget-heading\" data-id=\"998f8c9\" data-element_type=\"widget\" data-widget_type=\"heading.default\">\n\t\t\t\t<div class=\"elementor-widget-container\">\n\t\t\t\t\t<h2 class=\"elementor-heading-title elementor-size-default\">Periodista\n\n<\/h2>\t\t\t\t<\/div>\n\t\t\t\t<\/div>\n\t\t\t\t\t<\/div>\n\t\t<\/div>\n\t\t\t\t\t<\/div>\n\t\t<\/section>\n\t\t\t\t<section class=\"elementor-section elementor-inner-section elementor-element elementor-element-2d821083 elementor-section-boxed elementor-section-height-default elementor-section-height-default\" data-id=\"2d821083\" data-element_type=\"section\">\n\t\t\t\t\t\t<div class=\"elementor-container elementor-column-gap-default\">\n\t\t\t\t\t<div class=\"elementor-column elementor-col-33 elementor-inner-column elementor-element elementor-element-54bbd508 elementor-invisible\" data-id=\"54bbd508\" data-element_type=\"column\" data-settings=\"{&quot;animation&quot;:&quot;fadeInUp&quot;}\">\n\t\t\t<div class=\"elementor-widget-wrap elementor-element-populated\">\n\t\t\t\t\t\t<div class=\"elementor-element elementor-element-ffe988d elementor-widget elementor-widget-image\" data-id=\"ffe988d\" data-element_type=\"widget\" data-widget_type=\"image.default\">\n\t\t\t\t<div class=\"elementor-widget-container\">\n\t\t\t\t\t\t\t\t\t\t\t\t\t\t\t<img loading=\"lazy\" decoding=\"async\" width=\"800\" height=\"450\" src=\"https:\/\/zetadoc.cl\/wp-content\/uploads\/2025\/01\/GLENNY-1024x576.jpg\" class=\"attachment-large size-large wp-image-1064\" alt=\"\" srcset=\"https:\/\/zetadoc.cl\/wp-content\/uploads\/2025\/01\/GLENNY-1024x576.jpg 1024w, https:\/\/zetadoc.cl\/wp-content\/uploads\/2025\/01\/GLENNY-300x169.jpg 300w, https:\/\/zetadoc.cl\/wp-content\/uploads\/2025\/01\/GLENNY-768x432.jpg 768w, https:\/\/zetadoc.cl\/wp-content\/uploads\/2025\/01\/GLENNY-1536x864.jpg 1536w, https:\/\/zetadoc.cl\/wp-content\/uploads\/2025\/01\/GLENNY.jpg 1695w\" sizes=\"(max-width: 800px) 100vw, 800px\" \/>\t\t\t\t\t\t\t\t\t\t\t\t\t\t\t<\/div>\n\t\t\t\t<\/div>\n\t\t\t\t<div class=\"elementor-element elementor-element-34b86005 elementor-widget elementor-widget-heading\" data-id=\"34b86005\" data-element_type=\"widget\" data-widget_type=\"heading.default\">\n\t\t\t\t<div class=\"elementor-widget-container\">\n\t\t\t\t\t<h2 class=\"elementor-heading-title elementor-size-default\">Glenny Betancur<\/h2>\t\t\t\t<\/div>\n\t\t\t\t<\/div>\n\t\t\t\t<div class=\"elementor-element elementor-element-4b975f6b elementor-widget elementor-widget-heading\" data-id=\"4b975f6b\" data-element_type=\"widget\" data-widget_type=\"heading.default\">\n\t\t\t\t<div class=\"elementor-widget-container\">\n\t\t\t\t\t<h2 class=\"elementor-heading-title elementor-size-default\">Periodista\n\n<\/h2>\t\t\t\t<\/div>\n\t\t\t\t<\/div>\n\t\t\t\t\t<\/div>\n\t\t<\/div>\n\t\t\t\t<div class=\"elementor-column elementor-col-33 elementor-inner-column elementor-element elementor-element-4ed32849 elementor-invisible\" data-id=\"4ed32849\" data-element_type=\"column\" data-settings=\"{&quot;animation&quot;:&quot;fadeInUp&quot;}\">\n\t\t\t<div class=\"elementor-widget-wrap elementor-element-populated\">\n\t\t\t\t\t\t<div class=\"elementor-element elementor-element-b54a471 elementor-widget elementor-widget-image\" data-id=\"b54a471\" data-element_type=\"widget\" data-widget_type=\"image.default\">\n\t\t\t\t<div class=\"elementor-widget-container\">\n\t\t\t\t\t\t\t\t\t\t\t\t\t\t\t<img loading=\"lazy\" decoding=\"async\" width=\"800\" height=\"450\" src=\"https:\/\/zetadoc.cl\/wp-content\/uploads\/2025\/01\/Pablo-Henriquez-1-1024x576.jpg\" class=\"attachment-large size-large wp-image-819\" alt=\"\" srcset=\"https:\/\/zetadoc.cl\/wp-content\/uploads\/2025\/01\/Pablo-Henriquez-1-1024x576.jpg 1024w, https:\/\/zetadoc.cl\/wp-content\/uploads\/2025\/01\/Pablo-Henriquez-1-300x169.jpg 300w, https:\/\/zetadoc.cl\/wp-content\/uploads\/2025\/01\/Pablo-Henriquez-1-768x432.jpg 768w, https:\/\/zetadoc.cl\/wp-content\/uploads\/2025\/01\/Pablo-Henriquez-1-1536x864.jpg 1536w, https:\/\/zetadoc.cl\/wp-content\/uploads\/2025\/01\/Pablo-Henriquez-1.jpg 1794w\" sizes=\"(max-width: 800px) 100vw, 800px\" \/>\t\t\t\t\t\t\t\t\t\t\t\t\t\t\t<\/div>\n\t\t\t\t<\/div>\n\t\t\t\t<div class=\"elementor-element elementor-element-1b0ca7b4 elementor-widget elementor-widget-heading\" data-id=\"1b0ca7b4\" data-element_type=\"widget\" data-widget_type=\"heading.default\">\n\t\t\t\t<div class=\"elementor-widget-container\">\n\t\t\t\t\t<h2 class=\"elementor-heading-title elementor-size-default\">Pablo Henr\u00edquez Palma<\/h2>\t\t\t\t<\/div>\n\t\t\t\t<\/div>\n\t\t\t\t<div class=\"elementor-element elementor-element-4a068e44 elementor-widget elementor-widget-heading\" data-id=\"4a068e44\" data-element_type=\"widget\" data-widget_type=\"heading.default\">\n\t\t\t\t<div class=\"elementor-widget-container\">\n\t\t\t\t\t<h2 class=\"elementor-heading-title elementor-size-default\">Director de fotograf\u00eda \n\n<\/h2>\t\t\t\t<\/div>\n\t\t\t\t<\/div>\n\t\t\t\t\t<\/div>\n\t\t<\/div>\n\t\t\t\t<div class=\"elementor-column elementor-col-33 elementor-inner-column elementor-element elementor-element-61f59c11 elementor-invisible\" data-id=\"61f59c11\" data-element_type=\"column\" data-settings=\"{&quot;animation&quot;:&quot;fadeInUp&quot;}\">\n\t\t\t<div class=\"elementor-widget-wrap elementor-element-populated\">\n\t\t\t\t\t\t<div class=\"elementor-element elementor-element-c3a85b4 elementor-widget elementor-widget-image\" data-id=\"c3a85b4\" data-element_type=\"widget\" data-widget_type=\"image.default\">\n\t\t\t\t<div class=\"elementor-widget-container\">\n\t\t\t\t\t\t\t\t\t\t\t\t\t\t\t<img loading=\"lazy\" decoding=\"async\" width=\"800\" height=\"450\" src=\"https:\/\/zetadoc.cl\/wp-content\/uploads\/2025\/01\/JOSE-IGNACIO-BUSTOS-1024x576.jpg\" class=\"attachment-large size-large wp-image-1174\" alt=\"\" srcset=\"https:\/\/zetadoc.cl\/wp-content\/uploads\/2025\/01\/JOSE-IGNACIO-BUSTOS-1024x576.jpg 1024w, https:\/\/zetadoc.cl\/wp-content\/uploads\/2025\/01\/JOSE-IGNACIO-BUSTOS-300x169.jpg 300w, https:\/\/zetadoc.cl\/wp-content\/uploads\/2025\/01\/JOSE-IGNACIO-BUSTOS-768x432.jpg 768w, https:\/\/zetadoc.cl\/wp-content\/uploads\/2025\/01\/JOSE-IGNACIO-BUSTOS-1536x864.jpg 1536w, https:\/\/zetadoc.cl\/wp-content\/uploads\/2025\/01\/JOSE-IGNACIO-BUSTOS.jpg 1695w\" sizes=\"(max-width: 800px) 100vw, 800px\" \/>\t\t\t\t\t\t\t\t\t\t\t\t\t\t\t<\/div>\n\t\t\t\t<\/div>\n\t\t\t\t<div class=\"elementor-element elementor-element-5bcc862f elementor-widget elementor-widget-heading\" data-id=\"5bcc862f\" data-element_type=\"widget\" data-widget_type=\"heading.default\">\n\t\t\t\t<div class=\"elementor-widget-container\">\n\t\t\t\t\t<h2 class=\"elementor-heading-title elementor-size-default\">Jos\u00e9 Ignacio Bustos\n\n<\/h2>\t\t\t\t<\/div>\n\t\t\t\t<\/div>\n\t\t\t\t<div class=\"elementor-element elementor-element-30e4b6db elementor-widget elementor-widget-heading\" data-id=\"30e4b6db\" data-element_type=\"widget\" data-widget_type=\"heading.default\">\n\t\t\t\t<div class=\"elementor-widget-container\">\n\t\t\t\t\t<h2 class=\"elementor-heading-title elementor-size-default\">Realizador audiovisual\n\n<\/h2>\t\t\t\t<\/div>\n\t\t\t\t<\/div>\n\t\t\t\t\t<\/div>\n\t\t<\/div>\n\t\t\t\t\t<\/div>\n\t\t<\/section>\n\t\t\t\t<section class=\"elementor-section elementor-inner-section elementor-element elementor-element-bfa5e63 elementor-section-boxed elementor-section-height-default elementor-section-height-default\" data-id=\"bfa5e63\" data-element_type=\"section\">\n\t\t\t\t\t\t<div class=\"elementor-container elementor-column-gap-default\">\n\t\t\t\t\t<div class=\"elementor-column elementor-col-33 elementor-inner-column elementor-element elementor-element-55d1c3a elementor-invisible\" data-id=\"55d1c3a\" data-element_type=\"column\" data-settings=\"{&quot;animation&quot;:&quot;fadeInUp&quot;}\">\n\t\t\t<div class=\"elementor-widget-wrap elementor-element-populated\">\n\t\t\t\t\t\t<div class=\"elementor-element elementor-element-20f5f39 elementor-widget elementor-widget-image\" data-id=\"20f5f39\" data-element_type=\"widget\" data-widget_type=\"image.default\">\n\t\t\t\t<div class=\"elementor-widget-container\">\n\t\t\t\t\t\t\t\t\t\t\t\t\t\t\t<img loading=\"lazy\" decoding=\"async\" width=\"800\" height=\"450\" src=\"https:\/\/zetadoc.cl\/wp-content\/uploads\/2025\/01\/Copia-de-DAVID-GONZALEZ-1024x576.jpg\" class=\"attachment-large size-large wp-image-1185\" alt=\"\" srcset=\"https:\/\/zetadoc.cl\/wp-content\/uploads\/2025\/01\/Copia-de-DAVID-GONZALEZ-1024x576.jpg 1024w, https:\/\/zetadoc.cl\/wp-content\/uploads\/2025\/01\/Copia-de-DAVID-GONZALEZ-300x169.jpg 300w, https:\/\/zetadoc.cl\/wp-content\/uploads\/2025\/01\/Copia-de-DAVID-GONZALEZ-768x432.jpg 768w, https:\/\/zetadoc.cl\/wp-content\/uploads\/2025\/01\/Copia-de-DAVID-GONZALEZ-1536x864.jpg 1536w, https:\/\/zetadoc.cl\/wp-content\/uploads\/2025\/01\/Copia-de-DAVID-GONZALEZ.jpg 1695w\" sizes=\"(max-width: 800px) 100vw, 800px\" \/>\t\t\t\t\t\t\t\t\t\t\t\t\t\t\t<\/div>\n\t\t\t\t<\/div>\n\t\t\t\t<div class=\"elementor-element elementor-element-3c9aae9 elementor-widget elementor-widget-heading\" data-id=\"3c9aae9\" data-element_type=\"widget\" data-widget_type=\"heading.default\">\n\t\t\t\t<div class=\"elementor-widget-container\">\n\t\t\t\t\t<h2 class=\"elementor-heading-title elementor-size-default\">Ren\u00e9 Castillo Ibaceta<\/h2>\t\t\t\t<\/div>\n\t\t\t\t<\/div>\n\t\t\t\t<div class=\"elementor-element elementor-element-3fbfce4 elementor-widget elementor-widget-heading\" data-id=\"3fbfce4\" data-element_type=\"widget\" data-widget_type=\"heading.default\">\n\t\t\t\t<div class=\"elementor-widget-container\">\n\t\t\t\t\t<h2 class=\"elementor-heading-title elementor-size-default\">Dise\u00f1ador\n\n<\/h2>\t\t\t\t<\/div>\n\t\t\t\t<\/div>\n\t\t\t\t\t<\/div>\n\t\t<\/div>\n\t\t\t\t<div class=\"elementor-column elementor-col-33 elementor-inner-column elementor-element elementor-element-d64ab3a elementor-invisible\" data-id=\"d64ab3a\" data-element_type=\"column\" data-settings=\"{&quot;animation&quot;:&quot;fadeInUp&quot;}\">\n\t\t\t<div class=\"elementor-widget-wrap elementor-element-populated\">\n\t\t\t\t\t\t<div class=\"elementor-element elementor-element-c27e985 elementor-widget elementor-widget-image\" data-id=\"c27e985\" data-element_type=\"widget\" data-widget_type=\"image.default\">\n\t\t\t\t<div class=\"elementor-widget-container\">\n\t\t\t\t\t\t\t\t\t\t\t\t\t\t\t<img loading=\"lazy\" decoding=\"async\" width=\"800\" height=\"450\" src=\"https:\/\/zetadoc.cl\/wp-content\/uploads\/2025\/01\/GONZALO-ZUNIGA-1024x576.jpg\" class=\"attachment-large size-large wp-image-1175\" alt=\"\" srcset=\"https:\/\/zetadoc.cl\/wp-content\/uploads\/2025\/01\/GONZALO-ZUNIGA-1024x576.jpg 1024w, https:\/\/zetadoc.cl\/wp-content\/uploads\/2025\/01\/GONZALO-ZUNIGA-300x169.jpg 300w, https:\/\/zetadoc.cl\/wp-content\/uploads\/2025\/01\/GONZALO-ZUNIGA-768x432.jpg 768w, https:\/\/zetadoc.cl\/wp-content\/uploads\/2025\/01\/GONZALO-ZUNIGA-1536x864.jpg 1536w, https:\/\/zetadoc.cl\/wp-content\/uploads\/2025\/01\/GONZALO-ZUNIGA.jpg 1695w\" sizes=\"(max-width: 800px) 100vw, 800px\" \/>\t\t\t\t\t\t\t\t\t\t\t\t\t\t\t<\/div>\n\t\t\t\t<\/div>\n\t\t\t\t<div class=\"elementor-element elementor-element-590e449 elementor-widget elementor-widget-heading\" data-id=\"590e449\" data-element_type=\"widget\" data-widget_type=\"heading.default\">\n\t\t\t\t<div class=\"elementor-widget-container\">\n\t\t\t\t\t<h2 class=\"elementor-heading-title elementor-size-default\">Gonzalo Z\u00fa\u00f1iga<\/h2>\t\t\t\t<\/div>\n\t\t\t\t<\/div>\n\t\t\t\t<div class=\"elementor-element elementor-element-125cf51 elementor-widget elementor-widget-heading\" data-id=\"125cf51\" data-element_type=\"widget\" data-widget_type=\"heading.default\">\n\t\t\t\t<div class=\"elementor-widget-container\">\n\t\t\t\t\t<h2 class=\"elementor-heading-title elementor-size-default\">Operador de drone \n\n<\/h2>\t\t\t\t<\/div>\n\t\t\t\t<\/div>\n\t\t\t\t\t<\/div>\n\t\t<\/div>\n\t\t\t\t<div class=\"elementor-column elementor-col-33 elementor-inner-column elementor-element elementor-element-28ab82c elementor-invisible\" data-id=\"28ab82c\" data-element_type=\"column\" data-settings=\"{&quot;animation&quot;:&quot;fadeInUp&quot;}\">\n\t\t\t<div class=\"elementor-widget-wrap\">\n\t\t\t\t\t\t\t<\/div>\n\t\t<\/div>\n\t\t\t\t\t<\/div>\n\t\t<\/section>\n\t\t\t\t\t<\/div>\n\t\t<\/div>\n\t\t\t\t\t<\/div>\n\t\t<\/section>\n\t\t\t\t<\/div>\n\t\t","protected":false},"excerpt":{"rendered":"<p>EQUIPO J. Crist\u00f3bal Guzm\u00e1n Z. Director y Productor general Francisco Cavieres Abarca Realizador audiovisual David Gonz\u00e1lez Vigu\u00e9 Periodista Glenny Betancur Periodista Pablo Henr\u00edquez Palma Director de fotograf\u00eda Jos\u00e9 Ignacio Bustos Realizador audiovisual Ren\u00e9 Castillo Ibaceta Dise\u00f1ador Gonzalo Z\u00fa\u00f1iga Operador de drone<\/p>\n","protected":false},"author":1,"featured_media":0,"parent":0,"menu_order":0,"comment_status":"closed","ping_status":"closed","template":"","meta":{"footnotes":""},"class_list":["post-461","page","type-page","status-publish","hentry"],"_links":{"self":[{"href":"https:\/\/zetadoc.cl\/index.php?rest_route=\/wp\/v2\/pages\/461"}],"collection":[{"href":"https:\/\/zetadoc.cl\/index.php?rest_route=\/wp\/v2\/pages"}],"about":[{"href":"https:\/\/zetadoc.cl\/index.php?rest_route=\/wp\/v2\/types\/page"}],"author":[{"embeddable":true,"href":"https:\/\/zetadoc.cl\/index.php?rest_route=\/wp\/v2\/users\/1"}],"replies":[{"embeddable":true,"href":"https:\/\/zetadoc.cl\/index.php?rest_route=%2Fwp%2Fv2%2Fcomments&post=461"}],"version-history":[{"count":85,"href":"https:\/\/zetadoc.cl\/index.php?rest_route=\/wp\/v2\/pages\/461\/revisions"}],"predecessor-version":[{"id":1329,"href":"https:\/\/zetadoc.cl\/index.php?rest_route=\/wp\/v2\/pages\/461\/revisions\/1329"}],"wp:attachment":[{"href":"https:\/\/zetadoc.cl\/index.php?rest_route=%2Fwp%2Fv2%2Fmedia&parent=461"}],"curies":[{"name":"wp","href":"https:\/\/api.w.org\/{rel}","templated":true}]}}